{"id":3,"date":"2019-10-05T11:58:23","date_gmt":"2019-10-05T09:58:23","guid":{"rendered":"https:\/\/toallitapushclean.com\/demo\/?page_id=3"},"modified":"2019-11-09T10:56:24","modified_gmt":"2019-11-09T09:56:24","slug":"politica-privacidad","status":"publish","type":"page","link":"https:\/\/toallitapushclean.com\/en\/politica-privacidad\/","title":{"rendered":"Privacy policy"},"content":{"rendered":"<div class=\"wpb-content-wrapper\"><p>[vc_row full_width=&#8221;stretch_row&#8221; css=&#8221;.vc_custom_1573293306260{padding-top: 50px !important;padding-bottom: 50px !important;background-image: url(https:\/\/pushclean.es\/wp-content\/uploads\/2019\/10\/background-312.jpg?id=3654) !important;}&#8221;][vc_column][vc_custom_heading text=&#8221;RESPONSABLE DEL TRATAMIENTO DE DATOS&#8221; font_container=&#8221;tag:h1|font_size:36px|text_align:center&#8221; use_theme_fonts=&#8221;yes&#8221;][\/vc_column][\/vc_row][vc_row full_width=&#8221;stretch_row&#8221;][vc_column][vc_column_text]De conformidad con lo establecido en el Reglamento General de Protecci\u00f3n de Datos 2016\/679, le informamos de lo siguiente:<\/p>\n<p><strong>FINALIDADES BASADAS EN RELACION CONTRACTUAL:<br \/>\n<\/strong>&#8211; Los datos personales de los clientes ser\u00e1n recogidos y tratados durante la relaci\u00f3n precontractual, con la finalidad de gestionar de manera completa la relaci\u00f3n con nuestros clientes . Los datos personales ser\u00e1n tratados con la finalidad de evaluaci\u00f3n de ofertas, gesti\u00f3n administrativa, contabilidad y facturaci\u00f3n.<\/p>\n<p><strong>FINALIDADES BASADAS EN OBLIGACIONES LEGALES:<br \/>\n<\/strong>&#8211; Los datos personales de los clientes ser\u00e1n tratados para cumplir con las diferentes obligaciones legales, por ejemplo las tributarias.<\/p>\n<p><strong>FINALIDADES BASADAS EN INTERES LEGITIMO:<br \/>\n<\/strong>&#8211; Los datos de los clientes ser\u00e1n comunicados a las empresa Push Clean Technology SCP en la medida necesaria para la prestaci\u00f3n de los servicios prestados o por necesidades de gesti\u00f3n administrativa.<\/p>\n<p><strong>PLAZOS DE CONSERVACI\u00d3N:<br \/>\n<\/strong>&#8211; Los datos personales de los clientes ser\u00e1n conservados durante el plazo legal (actualmente cinco a\u00f1os) desde la baja del servicio. S\u00f3lo ser\u00e1n comunicados a terceros por cumplimiento legal o a nivel de grupo en la medida necesaria por razones de gesti\u00f3n administrativa.<\/p>\n<p><strong>DESTINATARIOS:<br \/>\n<\/strong>&#8211; Los datos personales de los clientes s\u00f3lo ser\u00e1n comunicados a terceros para cumplir con las obligaciones legales. Igualmente ser\u00e1n comunicados a nivel de PushClean para cumplir con los servicios prestados o alguna de las finalidades indicadas.<\/p>\n<p><strong>DERECHOS:<br \/>\n<\/strong>&#8211; Cualquier persona tiene derecho a solicitar el acceso a los datos personales que le conciernen, a solicitar su rectificaci\u00f3n o supresi\u00f3n, a solicitar la limitaci\u00f3n de su tratamiento, a oponerse a su tratamiento y\/o el derecho de portabilidad. En caso de ser cliente podr\u00e1 ejercer sus derechos por correo electr\u00f3nico dirigido a info@pushclean.es acompa\u00f1ado de documento de identidad o CIF, o por tel\u00e9fono +34 961 081 272 Cualquier persona puede presentar una reclamaci\u00f3n ante la Agencia Espa\u00f1ola de Protecci\u00f3n de Datos a trav\u00e9s de la web <a href=\"https:\/\/www.aepd.es\/\">www.agpd.es<\/a> en caso de considerar que sus derechos no han sido satisfechos.[\/vc_column_text][\/vc_column][\/vc_row]<\/p>\n<\/div>","protected":false},"excerpt":{"rendered":"<p>[vc_row full_width=&#8221;stretch_row&#8221; css=&#8221;.vc_custom_1573293306260{padding-top: 50px !important;padding-bottom: 50px !important;background-image: url(https:\/\/pushclean.es\/wp-content\/uploads\/2019\/10\/background-312.jpg?id=3654) !important;}&#8221;][vc_column][vc_custom_heading text=&#8221;RESPONSABLE DEL TRATAMIENTO DE DATOS&#8221; font_container=&#8221;tag:h1|font_size:36px|text_align:center&#8221; use_theme_fonts=&#8221;yes&#8221;][\/vc_column][\/vc_row][vc_row full_width=&#8221;stretch_row&#8221;][vc_column][vc_column_text]De conformidad con lo establecido en el Reglamento General de Protecci\u00f3n de Datos 2016\/679, le informamos de lo siguiente: FINALIDADES BASADAS EN RELACION CONTRACTUAL: &#8211; Los datos personales de los clientes ser\u00e1n recogidos y tratados durante la relaci\u00f3n precontractual, [&hellip;]<\/p>\n","protected":false},"author":1,"featured_media":0,"parent":0,"menu_order":2,"comment_status":"closed","ping_status":"open","template":"","meta":{"footnotes":""},"class_list":["post-3","page","type-page","status-publish","hentry"],"acf":[],"yoast_head":"<!-- This site is optimized with the Yoast SEO plugin v24.5 - https:\/\/yoast.com\/wordpress\/plugins\/seo\/ -->\n<title>Privacy policy - Toallita Push Clean<\/title>\n<meta name=\"robots\" content=\"index, follow, max-snippet:-1, max-image-preview:large, max-video-preview:-1\" \/>\n<link rel=\"canonical\" href=\"https:\/\/toallitapushclean.com\/politica-privacidad\/\" \/>\n<meta property=\"og:locale\" content=\"en_US\" \/>\n<meta property=\"og:type\" content=\"article\" \/>\n<meta property=\"og:title\" content=\"[:es]RESPONSABLE DEL TRATAMIENTO DE DATOS[:en]Privacy policy[:] - Toallita Push Clean\" \/>\n<meta property=\"og:description\" content=\"[vc_row full_width=&#8221;stretch_row&#8221; css=&#8221;.vc_custom_1573293306260{padding-top: 50px !important;padding-bottom: 50px !important;background-image: url(https:\/\/pushclean.es\/wp-content\/uploads\/2019\/10\/background-312.jpg?id=3654) !important;}&#8221;][vc_column][vc_custom_heading text=&#8221;RESPONSABLE DEL TRATAMIENTO DE DATOS&#8221; font_container=&#8221;tag:h1|font_size:36px|text_align:center&#8221; use_theme_fonts=&#8221;yes&#8221;][\/vc_column][\/vc_row][vc_row full_width=&#8221;stretch_row&#8221;][vc_column][vc_column_text]De conformidad con lo establecido en el Reglamento General de Protecci\u00f3n de Datos 2016\/679, le informamos de lo siguiente: FINALIDADES BASADAS EN RELACION CONTRACTUAL: &#8211; Los datos personales de los clientes ser\u00e1n recogidos y tratados durante la relaci\u00f3n precontractual, [&hellip;]\" \/>\n<meta property=\"og:url\" content=\"https:\/\/toallitapushclean.com\/politica-privacidad\/\" \/>\n<meta property=\"og:site_name\" content=\"Toallita Push Clean\" \/>\n<meta property=\"article:modified_time\" content=\"2019-11-09T09:56:24+00:00\" \/>\n<meta name=\"twitter:card\" content=\"summary_large_image\" \/>\n<meta name=\"twitter:label1\" content=\"Est. reading time\" \/>\n\t<meta name=\"twitter:data1\" content=\"2 minutes\" \/>\n<script type=\"application\/ld+json\" class=\"yoast-schema-graph\">{\"@context\":\"https:\/\/schema.org\",\"@graph\":[{\"@type\":\"WebPage\",\"@id\":\"https:\/\/toallitapushclean.com\/politica-privacidad\/\",\"url\":\"https:\/\/toallitapushclean.com\/politica-privacidad\/\",\"name\":\"[:es]RESPONSABLE DEL TRATAMIENTO DE DATOS[:en]Privacy policy[:] - Toallita Push Clean\",\"isPartOf\":{\"@id\":\"https:\/\/toallitapushclean.com\/#website\"},\"datePublished\":\"2019-10-05T09:58:23+00:00\",\"dateModified\":\"2019-11-09T09:56:24+00:00\",\"breadcrumb\":{\"@id\":\"https:\/\/toallitapushclean.com\/politica-privacidad\/#breadcrumb\"},\"inLanguage\":\"en-US\",\"potentialAction\":[{\"@type\":\"ReadAction\",\"target\":[\"https:\/\/toallitapushclean.com\/politica-privacidad\/\"]}]},{\"@type\":\"BreadcrumbList\",\"@id\":\"https:\/\/toallitapushclean.com\/politica-privacidad\/#breadcrumb\",\"itemListElement\":[{\"@type\":\"ListItem\",\"position\":1,\"name\":\"Portada\",\"item\":\"https:\/\/toallitapushclean.com\/\"},{\"@type\":\"ListItem\",\"position\":2,\"name\":\"RESPONSABLE DEL TRATAMIENTO DE DATOS\"}]},{\"@type\":\"WebSite\",\"@id\":\"https:\/\/toallitapushclean.com\/#website\",\"url\":\"https:\/\/toallitapushclean.com\/\",\"name\":\"Toallita Push Clean\",\"description\":\"Toallita Push Clean\",\"publisher\":{\"@id\":\"https:\/\/toallitapushclean.com\/#organization\"},\"potentialAction\":[{\"@type\":\"SearchAction\",\"target\":{\"@type\":\"EntryPoint\",\"urlTemplate\":\"https:\/\/toallitapushclean.com\/?s={search_term_string}\"},\"query-input\":{\"@type\":\"PropertyValueSpecification\",\"valueRequired\":true,\"valueName\":\"search_term_string\"}}],\"inLanguage\":\"en-US\"},{\"@type\":\"Organization\",\"@id\":\"https:\/\/toallitapushclean.com\/#organization\",\"name\":\"Push Clean Technology SL\",\"url\":\"https:\/\/toallitapushclean.com\/\",\"logo\":{\"@type\":\"ImageObject\",\"inLanguage\":\"en-US\",\"@id\":\"https:\/\/toallitapushclean.com\/#\/schema\/logo\/image\/\",\"url\":\"https:\/\/toallitapushclean.com\/wp-content\/uploads\/2019\/10\/pushclean-logo.png\",\"contentUrl\":\"https:\/\/toallitapushclean.com\/wp-content\/uploads\/2019\/10\/pushclean-logo.png\",\"width\":628,\"height\":134,\"caption\":\"Push Clean Technology SL\"},\"image\":{\"@id\":\"https:\/\/toallitapushclean.com\/#\/schema\/logo\/image\/\"}}]}<\/script>\n<!-- \/ Yoast SEO plugin. -->","yoast_head_json":{"title":"[:es]RESPONSABLE DEL TRATAMIENTO DE DATOS[:en]Privacy policy[:] - Toallita Push Clean","robots":{"index":"index","follow":"follow","max-snippet":"max-snippet:-1","max-image-preview":"max-image-preview:large","max-video-preview":"max-video-preview:-1"},"canonical":"https:\/\/toallitapushclean.com\/politica-privacidad\/","og_locale":"en_US","og_type":"article","og_title":"[:es]RESPONSABLE DEL TRATAMIENTO DE DATOS[:en]Privacy policy[:] - Toallita Push Clean","og_description":"[vc_row full_width=&#8221;stretch_row&#8221; css=&#8221;.vc_custom_1573293306260{padding-top: 50px !important;padding-bottom: 50px !important;background-image: url(https:\/\/pushclean.es\/wp-content\/uploads\/2019\/10\/background-312.jpg?id=3654) !important;}&#8221;][vc_column][vc_custom_heading text=&#8221;RESPONSABLE DEL TRATAMIENTO DE DATOS&#8221; font_container=&#8221;tag:h1|font_size:36px|text_align:center&#8221; use_theme_fonts=&#8221;yes&#8221;][\/vc_column][\/vc_row][vc_row full_width=&#8221;stretch_row&#8221;][vc_column][vc_column_text]De conformidad con lo establecido en el Reglamento General de Protecci\u00f3n de Datos 2016\/679, le informamos de lo siguiente: FINALIDADES BASADAS EN RELACION CONTRACTUAL: &#8211; Los datos personales de los clientes ser\u00e1n recogidos y tratados durante la relaci\u00f3n precontractual, [&hellip;]","og_url":"https:\/\/toallitapushclean.com\/politica-privacidad\/","og_site_name":"Toallita Push Clean","article_modified_time":"2019-11-09T09:56:24+00:00","twitter_card":"summary_large_image","twitter_misc":{"Est. reading time":"2 minutes"},"schema":{"@context":"https:\/\/schema.org","@graph":[{"@type":"WebPage","@id":"https:\/\/toallitapushclean.com\/politica-privacidad\/","url":"https:\/\/toallitapushclean.com\/politica-privacidad\/","name":"[:es]RESPONSABLE DEL TRATAMIENTO DE DATOS[:en]Privacy policy[:] - Toallita Push Clean","isPartOf":{"@id":"https:\/\/toallitapushclean.com\/#website"},"datePublished":"2019-10-05T09:58:23+00:00","dateModified":"2019-11-09T09:56:24+00:00","breadcrumb":{"@id":"https:\/\/toallitapushclean.com\/politica-privacidad\/#breadcrumb"},"inLanguage":"en-US","potentialAction":[{"@type":"ReadAction","target":["https:\/\/toallitapushclean.com\/politica-privacidad\/"]}]},{"@type":"BreadcrumbList","@id":"https:\/\/toallitapushclean.com\/politica-privacidad\/#breadcrumb","itemListElement":[{"@type":"ListItem","position":1,"name":"Portada","item":"https:\/\/toallitapushclean.com\/"},{"@type":"ListItem","position":2,"name":"RESPONSABLE DEL TRATAMIENTO DE DATOS"}]},{"@type":"WebSite","@id":"https:\/\/toallitapushclean.com\/#website","url":"https:\/\/toallitapushclean.com\/","name":"Toallita Push Clean","description":"Toallita Push Clean","publisher":{"@id":"https:\/\/toallitapushclean.com\/#organization"},"potentialAction":[{"@type":"SearchAction","target":{"@type":"EntryPoint","urlTemplate":"https:\/\/toallitapushclean.com\/?s={search_term_string}"},"query-input":{"@type":"PropertyValueSpecification","valueRequired":true,"valueName":"search_term_string"}}],"inLanguage":"en-US"},{"@type":"Organization","@id":"https:\/\/toallitapushclean.com\/#organization","name":"Push Clean Technology SL","url":"https:\/\/toallitapushclean.com\/","logo":{"@type":"ImageObject","inLanguage":"en-US","@id":"https:\/\/toallitapushclean.com\/#\/schema\/logo\/image\/","url":"https:\/\/toallitapushclean.com\/wp-content\/uploads\/2019\/10\/pushclean-logo.png","contentUrl":"https:\/\/toallitapushclean.com\/wp-content\/uploads\/2019\/10\/pushclean-logo.png","width":628,"height":134,"caption":"Push Clean Technology SL"},"image":{"@id":"https:\/\/toallitapushclean.com\/#\/schema\/logo\/image\/"}}]}},"_links":{"self":[{"href":"https:\/\/toallitapushclean.com\/en\/wp-json\/wp\/v2\/pages\/3","targetHints":{"allow":["GET"]}}],"collection":[{"href":"https:\/\/toallitapushclean.com\/en\/wp-json\/wp\/v2\/pages"}],"about":[{"href":"https:\/\/toallitapushclean.com\/en\/wp-json\/wp\/v2\/types\/page"}],"author":[{"embeddable":true,"href":"https:\/\/toallitapushclean.com\/en\/wp-json\/wp\/v2\/users\/1"}],"replies":[{"embeddable":true,"href":"https:\/\/toallitapushclean.com\/en\/wp-json\/wp\/v2\/comments?post=3"}],"version-history":[{"count":10,"href":"https:\/\/toallitapushclean.com\/en\/wp-json\/wp\/v2\/pages\/3\/revisions"}],"predecessor-version":[{"id":4054,"href":"https:\/\/toallitapushclean.com\/en\/wp-json\/wp\/v2\/pages\/3\/revisions\/4054"}],"wp:attachment":[{"href":"https:\/\/toallitapushclean.com\/en\/wp-json\/wp\/v2\/media?parent=3"}],"curies":[{"name":"wp","href":"https:\/\/api.w.org\/{rel}","templated":true}]}}