{"id":529,"date":"2017-01-10T23:57:03","date_gmt":"2017-01-10T23:57:03","guid":{"rendered":"http:\/\/import.getbowtied.com\/shopkeeper-replica\/?page_id=529"},"modified":"2024-12-13T14:19:05","modified_gmt":"2024-12-13T13:19:05","slug":"inicio-toallita-push-clean","status":"publish","type":"page","link":"https:\/\/toallitapushclean.com\/en\/","title":{"rendered":"INICIO"},"content":{"rendered":"<div class=\"wpb-content-wrapper\"><p><\/p>\n<p>[vc_row full_width=&#8221;stretch_row_content&#8221;][vc_column]<style>.shortcode_getbowtied_slider .shortcode-slider-pagination .swiper-pagination-bullet.swiper-pagination-bullet-active:after{background-color: #ffffff;}<\/style>\n\n\t\t<div class=\"shortcode_getbowtied_slider swiper-container swiper-69ee9a767fdad \" style=\"height:550px; width: 100%\" data-autoplay=\"10\" data-id=\"69ee9a767fdad\">\n\t\t\t<div class=\"swiper-wrapper\">\n\t\t\t\n\t\t\t<div class=\"swiper-slide left-align\"\n\t\t\tstyle=\t\"background:  url(https:\/\/toallitapushclean.com\/wp-content\/uploads\/2020\/02\/PCT-Mix-1280-500-copy.png) center center no-repeat ;\n\t\t\t\t\t-webkit-background-size: cover;\n\t\t\t\t\t-moz-background-size: cover;\n\t\t\t\t\t-o-background-size: cover;\n\t\t\t\t\tbackground-size: cover;\n\t\t\t\t\tcolor: #1f24c4\">\n\t\t\t\t\n\t\t\t\t<div class=\"slider-content\" data-swiper-parallax=\"-50%\">\n\t\t\t\t\t<div class=\"slider-content-wrapper\">\n\t\t\t\t\t\t\n\t\t\t\t\t\t<p class=\"primary_font\" style=\"color:#1f24c4;font-size:26px;line-height: 35px\">La toallita h\u00fameda Push Clean es completamente natural. No contiene sustancias sint\u00e9ticas.<\/p>\n\t\t\t\t\t\t\n\t\t\t\t\t<\/div>\n\t\t\t\t<\/div>\n\t\t\t<\/div>\n\t\t\t<div class=\"swiper-slide left-align\"\n\t\t\tstyle=\t\"background:  url(https:\/\/toallitapushclean.com\/wp-content\/uploads\/2019\/10\/slide-02-neu-1.jpg) center center no-repeat ;\n\t\t\t\t\t-webkit-background-size: cover;\n\t\t\t\t\t-moz-background-size: cover;\n\t\t\t\t\t-o-background-size: cover;\n\t\t\t\t\tbackground-size: cover;\n\t\t\t\t\tcolor: #ffffff\">\n\t\t\t\t\n\t\t\t\t<div class=\"slider-content\" data-swiper-parallax=\"-50%\">\n\t\t\t\t\t<div class=\"slider-content-wrapper\">\n\t\t\t\t\t\t<h2 class=\"primary_font\" style=\"color:#ffffff;font-size:35px;line-height: 35px\">...not different, just better<\/h2>\n\t\t\t\t\t\t\n\t\t\t\t\t\t\n\t\t\t\t\t<\/div>\n\t\t\t\t<\/div>\n\t\t\t<\/div>\n\t\t\t<div class=\"swiper-slide left-align\"\n\t\t\tstyle=\t\"background:  url(https:\/\/toallitapushclean.com\/wp-content\/uploads\/2020\/02\/Makeup-Pushclean-Technology-copy.png) center center no-repeat ;\n\t\t\t\t\t-webkit-background-size: cover;\n\t\t\t\t\t-moz-background-size: cover;\n\t\t\t\t\t-o-background-size: cover;\n\t\t\t\t\tbackground-size: cover;\n\t\t\t\t\tcolor: #ffffff\">\n\t\t\t\t\n\t\t\t\t<div class=\"slider-content\" data-swiper-parallax=\"-50%\">\n\t\t\t\t\t<div class=\"slider-content-wrapper\">\n\t\t\t\t\t\t\n\t\t\t\t\t\t\n\t\t\t\t\t\t\n\t\t\t\t\t<\/div>\n\t\t\t\t<\/div>\n\t\t\t<\/div>\n\t\t\t<\/div>\n\t\t\t\t<div style=\"color: #ffffff\" class=\"swiper-button-prev\"><i class=\"spk-icon spk-icon-left-arrow-thin-large\"><\/i><\/div>\n    \t\t\t<div style=\"color: #ffffff\" class=\"swiper-button-next\"><i class=\"spk-icon spk-icon-right-arrow-thin-large\"><\/i><\/div>\n\t\t\t\t<div style=\"color: #ffffff\" class=\"shortcode-slider-pagination\"><\/div><\/div>[vc_single_image image=&#8221;6336&#8243; img_size=&#8221;full&#8221; alignment=&#8221;center&#8221; css_animation=&#8221;fadeIn&#8221; css=&#8221;.vc_custom_1581855095739{margin-top: 0px !important;margin-right: 0px !important;margin-bottom: 0px !important;margin-left: 0px !important;padding-top: 0px !important;padding-right: 0px !important;padding-bottom: 0px !important;padding-left: 0px !important;}&#8221;][\/vc_column][\/vc_row][vc_row full_width=&#8221;stretch_row&#8221; equal_height=&#8221;yes&#8221; content_placement=&#8221;top&#8221;][vc_column width=&#8221;1\/3&#8243;][vc_icon icon_fontawesome=&#8221;fa fa-leaf&#8221; color=&#8221;white&#8221; background_style=&#8221;rounded&#8221; background_color=&#8221;green&#8221; size=&#8221;lg&#8221; align=&#8221;center&#8221; css_animation=&#8221;fadeIn&#8221;][vc_column_text]<\/p>\n<h4 class=\"title\" style=\"text-align: center;\">100% NATURAL<\/h4>\n<p>[\/vc_column_text][\/vc_column][vc_column width=&#8221;1\/3&#8243;][vc_icon icon_fontawesome=&#8221;fa fa-plane&#8221; color=&#8221;white&#8221; background_style=&#8221;rounded&#8221; background_color=&#8221;green&#8221; size=&#8221;lg&#8221; align=&#8221;center&#8221; css_animation=&#8221;fadeIn&#8221;][vc_column_text]<\/p>\n<h4 class=\"title\" style=\"text-align: center;\">PORT\u00c1TILES<\/h4>\n<p>[\/vc_column_text][\/vc_column][vc_column width=&#8221;1\/3&#8243;][vc_icon icon_fontawesome=&#8221;fa fa-thumbs-up&#8221; color=&#8221;white&#8221; background_style=&#8221;rounded&#8221; background_color=&#8221;green&#8221; size=&#8221;lg&#8221; align=&#8221;center&#8221; css_animation=&#8221;fadeIn&#8221;][vc_column_text]<\/p>\n<h4 class=\"title\" style=\"text-align: center;\">FACILES DE USAR<\/h4>\n<p>[\/vc_column_text][\/vc_column][\/vc_row][vc_row full_width=&#8221;stretch_row&#8221; parallax=&#8221;content-moving&#8221; parallax_image=&#8221;3662&#8243; css_animation=&#8221;none&#8221; css=&#8221;.vc_custom_1573382687468{margin-bottom: 0px !important;padding-bottom: 50px !important;background-color: #f4f4f4 !important;}&#8221;][vc_column][vc_column_text css=&#8221;.vc_custom_1581857268447{margin-bottom: 75px !important;}&#8221;]<\/p>\n<h3 style=\"text-align: center;\">Descubre toda la gama de Toallita en c\u00e1psula Push Clean<\/h3>\n<p style=\"text-align: center;\"><a href=\"https:\/\/toallitapushclean.com\/pushclean-marketing\/\">Toallitas h\u00famedas con <strong> el logotipo de su empresa <\/strong>.<\/a><\/p>\n<p>[\/vc_column_text]<div class=\"row\"><div class=\"categories_grid\">\n\t\t\t<div class=\"category_five_cat_1\">\n\t\t\t\t<div class=\"category_grid_box\">\n\t\t\t\t\t<span class=\"category_item_bkg\" style=\"background-image:url(https:\/\/toallitapushclean.com\/wp-content\/uploads\/2020\/10\/Toallitas-para-manos-Higiene-Manos.png)\"><\/span>\n\t\t\t\t\t<a href=\"https:\/\/toallitapushclean.com\/en\/productos-toallitas-en-capsula-pushclean\/toallitas-de-higiene\/\" class=\"category_item\" >\n\t\t\t\t\t\t<span class=\"category_name\">Hygiene Wipes\t\t\t\t\t\t\t\t\t\t\t\t\t<\/span>\n\t\t\t\t\t<\/a>\n\t\t\t\t<\/div>\n\t\t\t<\/div>\n\n\t\t\t\n\t\t\t<div class=\"category_five_cat_2\">\n\t\t\t\t<div class=\"category_grid_box\">\n\t\t\t\t\t<span class=\"category_item_bkg\" style=\"background-image:url(https:\/\/toallitapushclean.com\/wp-content\/uploads\/2019\/10\/pushclean-header.jpg)\"><\/span>\n\t\t\t\t\t<a href=\"https:\/\/toallitapushclean.com\/en\/productos-toallitas-en-capsula-pushclean\/toallitas-de-limpieza\/\" class=\"category_item\" >\n\t\t\t\t\t\t<span class=\"category_name\">Cleaning Wipes\t\t\t\t\t\t\t\t\t\t\t\t\t<\/span>\n\t\t\t\t\t<\/a>\n\t\t\t\t<\/div>\n\t\t\t<\/div>\n\n\t\t\t\n\t\t\t<div class=\"category_five_cat_3\">\n\t\t\t\t<div class=\"category_grid_box\">\n\t\t\t\t\t<span class=\"category_item_bkg\" style=\"background-image:url(https:\/\/toallitapushclean.com\/wp-content\/uploads\/2019\/10\/pushclean-refreshing.jpg)\"><\/span>\n\t\t\t\t\t<a href=\"https:\/\/toallitapushclean.com\/en\/productos-toallitas-en-capsula-pushclean\/toallitas-higienizantes\/\" class=\"category_item\" >\n\t\t\t\t\t\t<span class=\"category_name\">HYGIENIC WIPES\t\t\t\t\t\t\t\t\t\t\t\t\t<\/span>\n\t\t\t\t\t<\/a>\n\t\t\t\t<\/div>\n\t\t\t<\/div>\n\n\t\t\t\n\t\t\t<div class=\"category_five_cat_4\">\n\t\t\t\t<div class=\"category_grid_box\">\n\t\t\t\t\t<span class=\"category_item_bkg\" style=\"background-image:url(https:\/\/toallitapushclean.com\/wp-content\/uploads\/2020\/10\/Toallitas-para-bodas-personalizadas.jpg)\"><\/span>\n\t\t\t\t\t<a href=\"https:\/\/toallitapushclean.com\/en\/productos-toallitas-en-capsula-pushclean\/toallitas-para-bodas\/\" class=\"category_item\" >\n\t\t\t\t\t\t<span class=\"category_name\">\t\t\t\t\t\t\t\t\t\t\t\t\t<\/span>\n\t\t\t\t\t<\/a>\n\t\t\t\t<\/div>\n\t\t\t<\/div>\n\n\t\t\t\n\t\t\t<div class=\"category_five_cat_5\">\n\t\t\t\t<div class=\"category_grid_box\">\n\t\t\t\t\t<span class=\"category_item_bkg\" style=\"background-image:url()\"><\/span>\n\t\t\t\t\t<a href=\"https:\/\/toallitapushclean.com\/en\/productos-toallitas-en-capsula-pushclean\/toallitas-para-comunion\/\" class=\"category_item\" >\n\t\t\t\t\t\t<span class=\"category_name\">Toallitas para COMUNI\u00d3N\t\t\t\t\t\t\t\t\t\t\t\t\t<\/span>\n\t\t\t\t\t<\/a>\n\t\t\t\t<\/div>\n\t\t\t<\/div>\n\n\t\t\t\n\t\t\t<div class=\"clearfix\"><\/div>\n\n\t\t<\/div><\/div>[vc_btn title=&#8221;TIENDA ONLINE&#8221; style=&#8221;classic&#8221; shape=&#8221;square&#8221; color=&#8221;black&#8221; align=&#8221;center&#8221; css_animation=&#8221;fadeIn&#8221; link=&#8221;url:https%3A%2F%2Ftoallitapushclean.com%2Fshop%2F|||&#8221;][\/vc_column][\/vc_row][vc_row full_width=&#8221;stretch_row_content&#8221; equal_height=&#8221;yes&#8221; css=&#8221;.vc_custom_1573382556229{margin-top: 0px !important;margin-right: 0px !important;margin-left: 0px !important;border-bottom-width: 0px !important;padding-top: 0px !important;padding-right: 0px !important;padding-bottom: 0px !important;padding-left: 0px !important;background-color: #e8e8e8 !important;}&#8221;][vc_column][vc_column_text css=&#8221;.vc_custom_1573382533383{padding-top: 0px !important;padding-right: 0px !important;padding-bottom: 0px !important;padding-left: 0px !important;}&#8221;]<\/p>\n<h3 style=\"text-align: center;\">S\u00edguenos en Instagram<\/h3>\n<p>[\/vc_column_text][vc_raw_html]JTVCZW5qb3lpbnN0YWdyYW1fbWJfZ3JpZCU1RA==[\/vc_raw_html][vc_empty_space][\/vc_column][\/vc_row][vc_row full_width=&#8221;stretch_row_content&#8221; equal_height=&#8221;yes&#8221; css=&#8221;.vc_custom_1572182109221{margin-top: 0px !important;margin-right: 0px !important;margin-left: 0px !important;border-bottom-width: 0px !important;padding-top: 0px !important;padding-right: 0px !important;padding-bottom: 0px !important;padding-left: 0px !important;}&#8221;][vc_column][vc_column_text css=&#8221;.vc_custom_1581858129488{padding-top: 0px !important;padding-right: 0px !important;padding-bottom: 0px !important;padding-left: 0px !important;}&#8221;]<\/p>\n<h3 style=\"text-align: center;\">Ellos ya conf\u00edan en nosotros<\/h3>\n<p>[\/vc_column_text][vc_carousel_father theme=&#8221;content-over-slider&#8221; arrow=&#8221;true&#8221; dot=&#8221;false&#8221; slide_visible=&#8221;5&#8243; tabs=&#8221;3&#8243; slide_visible_mbl=&#8221;2&#8243; slide_scroll=&#8221;2&#8243; speed=&#8221;1000&#8243; arrowclr=&#8221;#8c8c8c&#8221; mbl_height=&#8221;250&#8243;][vc_carousel_son image_id=&#8221;4090&#8243;][\/vc_carousel_son][vc_carousel_son image_id=&#8221;3629&#8243;][\/vc_carousel_son][vc_carousel_son image_id=&#8221;3605&#8243;][\/vc_carousel_son][vc_carousel_son image_id=&#8221;3600&#8243;][\/vc_carousel_son][vc_carousel_son image_id=&#8221;3631&#8243;][\/vc_carousel_son][vc_carousel_son image_id=&#8221;3632&#8243;][\/vc_carousel_son][vc_carousel_son image_id=&#8221;3634&#8243;][\/vc_carousel_son][vc_carousel_son image_id=&#8221;3636&#8243;][\/vc_carousel_son][vc_carousel_son image_id=&#8221;3637&#8243;][\/vc_carousel_son][vc_carousel_son image_id=&#8221;3638&#8243;][\/vc_carousel_son][vc_carousel_son image_id=&#8221;3639&#8243;][\/vc_carousel_son][vc_carousel_son image_id=&#8221;3640&#8243;][\/vc_carousel_son][vc_carousel_son image_id=&#8221;3641&#8243;][\/vc_carousel_son][\/vc_carousel_father][vc_empty_space][\/vc_column][\/vc_row]<\/p>\n<p><\/p>\n<\/div>","protected":false},"excerpt":{"rendered":"<p>[vc_row full_width=&#8221;stretch_row_content&#8221;][vc_column][vc_single_image image=&#8221;6336&#8243; img_size=&#8221;full&#8221; alignment=&#8221;center&#8221; css_animation=&#8221;fadeIn&#8221; css=&#8221;.vc_custom_1581855095739{margin-top: 0px !important;margin-right: 0px !important;margin-bottom: 0px !important;margin-left: 0px !important;padding-top: 0px !important;padding-right: 0px !important;padding-bottom: 0px !important;padding-left: 0px !important;}&#8221;][\/vc_column][\/vc_row][vc_row full_width=&#8221;stretch_row&#8221; equal_height=&#8221;yes&#8221; content_placement=&#8221;top&#8221;][vc_column width=&#8221;1\/3&#8243;][vc_icon icon_fontawesome=&#8221;fa fa-leaf&#8221; color=&#8221;white&#8221; background_style=&#8221;rounded&#8221; background_color=&#8221;green&#8221; size=&#8221;lg&#8221; align=&#8221;center&#8221; css_animation=&#8221;fadeIn&#8221;][vc_column_text] 100% NATURAL [\/vc_column_text][\/vc_column][vc_column width=&#8221;1\/3&#8243;][vc_icon icon_fontawesome=&#8221;fa fa-plane&#8221; color=&#8221;white&#8221; background_style=&#8221;rounded&#8221; background_color=&#8221;green&#8221; size=&#8221;lg&#8221; align=&#8221;center&#8221; css_animation=&#8221;fadeIn&#8221;][vc_column_text] PORT\u00c1TILES [\/vc_column_text][\/vc_column][vc_column width=&#8221;1\/3&#8243;][vc_icon icon_fontawesome=&#8221;fa fa-thumbs-up&#8221; color=&#8221;white&#8221; background_style=&#8221;rounded&#8221; background_color=&#8221;green&#8221; [&hellip;]<\/p>\n","protected":false},"author":1,"featured_media":0,"parent":0,"menu_order":5,"comment_status":"closed","ping_status":"closed","template":"page-boxed.php","meta":{"footnotes":""},"class_list":["post-529","page","type-page","status-publish","hentry"],"acf":[],"yoast_head":"<!-- This site is optimized with the Yoast SEO plugin v24.5 - https:\/\/yoast.com\/wordpress\/plugins\/seo\/ -->\n<title>INICIO - Toallita Push Clean<\/title>\n<meta name=\"description\" content=\"{:es}Toallitas personalizadas en c\u00e1psula Push Clean. Sorprende a tus clientes a trav\u00e9s de nuestras toallitas personalizadas.Env\u00edo en 24-48 horas{:en}Toallita en c\u00e1psula Push Clean,personalizable.Dise\u00f1amos su etiqueta GRATIS.Entrega en 24-48 horas.Sorprende a sus clientes con un regalo redondo.{:}\" \/>\n<meta name=\"robots\" content=\"index, follow, max-snippet:-1, max-image-preview:large, max-video-preview:-1\" \/>\n<link rel=\"canonical\" href=\"https:\/\/toallitapushclean.com\/\" \/>\n<meta property=\"og:locale\" content=\"en_US\" \/>\n<meta property=\"og:type\" content=\"article\" \/>\n<meta property=\"og:title\" content=\"INICIO - Toallita Push Clean\" \/>\n<meta property=\"og:description\" content=\"{:es}Toallitas personalizadas en c\u00e1psula Push Clean. Sorprende a tus clientes a trav\u00e9s de nuestras toallitas personalizadas.Env\u00edo en 24-48 horas{:en}Toallita en c\u00e1psula Push Clean,personalizable.Dise\u00f1amos su etiqueta GRATIS.Entrega en 24-48 horas.Sorprende a sus clientes con un regalo redondo.{:}\" \/>\n<meta property=\"og:url\" content=\"https:\/\/toallitapushclean.com\/\" \/>\n<meta property=\"og:site_name\" content=\"Toallita Push Clean\" \/>\n<meta property=\"article:modified_time\" content=\"2024-12-13T13:19:05+00:00\" \/>\n<meta name=\"twitter:card\" content=\"summary_large_image\" \/>\n<meta name=\"twitter:label1\" content=\"Est. reading time\" \/>\n\t<meta name=\"twitter:data1\" content=\"3 minutes\" \/>\n<script type=\"application\/ld+json\" class=\"yoast-schema-graph\">{\"@context\":\"https:\/\/schema.org\",\"@graph\":[{\"@type\":\"WebPage\",\"@id\":\"https:\/\/toallitapushclean.com\/\",\"url\":\"https:\/\/toallitapushclean.com\/\",\"name\":\"INICIO - Toallita Push Clean\",\"isPartOf\":{\"@id\":\"https:\/\/toallitapushclean.com\/#website\"},\"datePublished\":\"2017-01-10T23:57:03+00:00\",\"dateModified\":\"2024-12-13T13:19:05+00:00\",\"description\":\"{:es}Toallitas personalizadas en c\u00e1psula Push Clean. Sorprende a tus clientes a trav\u00e9s de nuestras toallitas personalizadas.Env\u00edo en 24-48 horas{:en}Toallita en c\u00e1psula Push Clean,personalizable.Dise\u00f1amos su etiqueta GRATIS.Entrega en 24-48 horas.Sorprende a sus clientes con un regalo redondo.{:}\",\"breadcrumb\":{\"@id\":\"https:\/\/toallitapushclean.com\/#breadcrumb\"},\"inLanguage\":\"en-US\",\"potentialAction\":[{\"@type\":\"ReadAction\",\"target\":[\"https:\/\/toallitapushclean.com\/\"]}]},{\"@type\":\"BreadcrumbList\",\"@id\":\"https:\/\/toallitapushclean.com\/#breadcrumb\",\"itemListElement\":[{\"@type\":\"ListItem\",\"position\":1,\"name\":\"Portada\",\"item\":\"https:\/\/toallitapushclean.com\/\"},{\"@type\":\"ListItem\",\"position\":2,\"name\":\"INICIO\"}]},{\"@type\":\"WebSite\",\"@id\":\"https:\/\/toallitapushclean.com\/#website\",\"url\":\"https:\/\/toallitapushclean.com\/\",\"name\":\"Toallita Push Clean\",\"description\":\"Toallita Push Clean\",\"publisher\":{\"@id\":\"https:\/\/toallitapushclean.com\/#organization\"},\"potentialAction\":[{\"@type\":\"SearchAction\",\"target\":{\"@type\":\"EntryPoint\",\"urlTemplate\":\"https:\/\/toallitapushclean.com\/?s={search_term_string}\"},\"query-input\":{\"@type\":\"PropertyValueSpecification\",\"valueRequired\":true,\"valueName\":\"search_term_string\"}}],\"inLanguage\":\"en-US\"},{\"@type\":\"Organization\",\"@id\":\"https:\/\/toallitapushclean.com\/#organization\",\"name\":\"Push Clean Technology SL\",\"url\":\"https:\/\/toallitapushclean.com\/\",\"logo\":{\"@type\":\"ImageObject\",\"inLanguage\":\"en-US\",\"@id\":\"https:\/\/toallitapushclean.com\/#\/schema\/logo\/image\/\",\"url\":\"https:\/\/toallitapushclean.com\/wp-content\/uploads\/2019\/10\/pushclean-logo.png\",\"contentUrl\":\"https:\/\/toallitapushclean.com\/wp-content\/uploads\/2019\/10\/pushclean-logo.png\",\"width\":628,\"height\":134,\"caption\":\"Push Clean Technology SL\"},\"image\":{\"@id\":\"https:\/\/toallitapushclean.com\/#\/schema\/logo\/image\/\"}}]}<\/script>\n<!-- \/ Yoast SEO plugin. -->","yoast_head_json":{"title":"INICIO - Toallita Push Clean","description":"{:es}Toallitas personalizadas en c\u00e1psula Push Clean. Sorprende a tus clientes a trav\u00e9s de nuestras toallitas personalizadas.Env\u00edo en 24-48 horas{:en}Toallita en c\u00e1psula Push Clean,personalizable.Dise\u00f1amos su etiqueta GRATIS.Entrega en 24-48 horas.Sorprende a sus clientes con un regalo redondo.{:}","robots":{"index":"index","follow":"follow","max-snippet":"max-snippet:-1","max-image-preview":"max-image-preview:large","max-video-preview":"max-video-preview:-1"},"canonical":"https:\/\/toallitapushclean.com\/","og_locale":"en_US","og_type":"article","og_title":"INICIO - Toallita Push Clean","og_description":"{:es}Toallitas personalizadas en c\u00e1psula Push Clean. Sorprende a tus clientes a trav\u00e9s de nuestras toallitas personalizadas.Env\u00edo en 24-48 horas{:en}Toallita en c\u00e1psula Push Clean,personalizable.Dise\u00f1amos su etiqueta GRATIS.Entrega en 24-48 horas.Sorprende a sus clientes con un regalo redondo.{:}","og_url":"https:\/\/toallitapushclean.com\/","og_site_name":"Toallita Push Clean","article_modified_time":"2024-12-13T13:19:05+00:00","twitter_card":"summary_large_image","twitter_misc":{"Est. reading time":"3 minutes"},"schema":{"@context":"https:\/\/schema.org","@graph":[{"@type":"WebPage","@id":"https:\/\/toallitapushclean.com\/","url":"https:\/\/toallitapushclean.com\/","name":"INICIO - Toallita Push Clean","isPartOf":{"@id":"https:\/\/toallitapushclean.com\/#website"},"datePublished":"2017-01-10T23:57:03+00:00","dateModified":"2024-12-13T13:19:05+00:00","description":"{:es}Toallitas personalizadas en c\u00e1psula Push Clean. Sorprende a tus clientes a trav\u00e9s de nuestras toallitas personalizadas.Env\u00edo en 24-48 horas{:en}Toallita en c\u00e1psula Push Clean,personalizable.Dise\u00f1amos su etiqueta GRATIS.Entrega en 24-48 horas.Sorprende a sus clientes con un regalo redondo.{:}","breadcrumb":{"@id":"https:\/\/toallitapushclean.com\/#breadcrumb"},"inLanguage":"en-US","potentialAction":[{"@type":"ReadAction","target":["https:\/\/toallitapushclean.com\/"]}]},{"@type":"BreadcrumbList","@id":"https:\/\/toallitapushclean.com\/#breadcrumb","itemListElement":[{"@type":"ListItem","position":1,"name":"Portada","item":"https:\/\/toallitapushclean.com\/"},{"@type":"ListItem","position":2,"name":"INICIO"}]},{"@type":"WebSite","@id":"https:\/\/toallitapushclean.com\/#website","url":"https:\/\/toallitapushclean.com\/","name":"Toallita Push Clean","description":"Toallita Push Clean","publisher":{"@id":"https:\/\/toallitapushclean.com\/#organization"},"potentialAction":[{"@type":"SearchAction","target":{"@type":"EntryPoint","urlTemplate":"https:\/\/toallitapushclean.com\/?s={search_term_string}"},"query-input":{"@type":"PropertyValueSpecification","valueRequired":true,"valueName":"search_term_string"}}],"inLanguage":"en-US"},{"@type":"Organization","@id":"https:\/\/toallitapushclean.com\/#organization","name":"Push Clean Technology SL","url":"https:\/\/toallitapushclean.com\/","logo":{"@type":"ImageObject","inLanguage":"en-US","@id":"https:\/\/toallitapushclean.com\/#\/schema\/logo\/image\/","url":"https:\/\/toallitapushclean.com\/wp-content\/uploads\/2019\/10\/pushclean-logo.png","contentUrl":"https:\/\/toallitapushclean.com\/wp-content\/uploads\/2019\/10\/pushclean-logo.png","width":628,"height":134,"caption":"Push Clean Technology SL"},"image":{"@id":"https:\/\/toallitapushclean.com\/#\/schema\/logo\/image\/"}}]}},"_links":{"self":[{"href":"https:\/\/toallitapushclean.com\/en\/wp-json\/wp\/v2\/pages\/529","targetHints":{"allow":["GET"]}}],"collection":[{"href":"https:\/\/toallitapushclean.com\/en\/wp-json\/wp\/v2\/pages"}],"about":[{"href":"https:\/\/toallitapushclean.com\/en\/wp-json\/wp\/v2\/types\/page"}],"author":[{"embeddable":true,"href":"https:\/\/toallitapushclean.com\/en\/wp-json\/wp\/v2\/users\/1"}],"replies":[{"embeddable":true,"href":"https:\/\/toallitapushclean.com\/en\/wp-json\/wp\/v2\/comments?post=529"}],"version-history":[{"count":128,"href":"https:\/\/toallitapushclean.com\/en\/wp-json\/wp\/v2\/pages\/529\/revisions"}],"predecessor-version":[{"id":12162,"href":"https:\/\/toallitapushclean.com\/en\/wp-json\/wp\/v2\/pages\/529\/revisions\/12162"}],"wp:attachment":[{"href":"https:\/\/toallitapushclean.com\/en\/wp-json\/wp\/v2\/media?parent=529"}],"curies":[{"name":"wp","href":"https:\/\/api.w.org\/{rel}","templated":true}]}}