{"id":11578,"date":"2020-10-24T11:59:53","date_gmt":"2020-10-24T09:59:53","guid":{"rendered":"https:\/\/toallitapushclean.com\/?post_type=product&#038;p=11578"},"modified":"2022-03-21T12:56:46","modified_gmt":"2022-03-21T11:56:46","slug":"toallitas-personalizadas-higiene-intima","status":"publish","type":"product","link":"https:\/\/toallitapushclean.com\/en\/shop\/toallitas-personalizadas\/toallitas-personalizadas-higiene-intima\/","title":{"rendered":"Intimate Hygiene Wipe CUSTOMIZED"},"content":{"rendered":"<p>Encapsulated intimate hygiene wipes. Take it wherever you want to meet any urgency or need. A wipe designed to protect and clean the most sensitive and delicate areas.<\/p>\n<p>The Push Clean intimate hygiene capsule wipes allow you to feel clean at all times.<\/p>\n<p>The great advantage of the Push Clean product is its packaging form is sealed in a capsule. Essential item for the bag of all women. The Push Clean intimate wipe gently cleanses the intimate area and reduces irritation, which provides long-term freshness, Protection, pleasant feeling and comfort.<\/p>\n<p>Compressed capsules packed in capsules are an innovative and unique product in the wet wipes market. Patented technology.<\/p>\n<ul>\n<li>Dermatologically tested<\/li>\n<li>100% natural wet wipe<\/li>\n<li>Made of viscose<\/li>\n<li>Neutral PH for your skin<\/li>\n<li>Store at room temperature.<\/li>\n<li>Store away from direct sunlight.<\/li>\n<\/ul>\n<p><\/p>","protected":false},"excerpt":{"rendered":"<p>Encapsulated intimate hygiene wipes. Take it wherever you want to meet any urgency or need. A wipe designed to protect and clean the most sensitive and delicate areas. The Push Clean intimate hygiene capsule wipes allow you to feel clean at all times. The great advantage of the Push Clean product is its packaging form [&hellip;]<\/p>\n","protected":false},"featured_media":11579,"template":"","meta":[],"product_brand":[],"product_cat":[95],"product_tag":[],"class_list":{"0":"post-11578","1":"product","2":"type-product","3":"status-publish","4":"has-post-thumbnail","6":"product_cat-toallitas-personalizadas","8":"first","9":"instock","10":"taxable","11":"shipping-taxable","12":"purchasable","13":"product-type-simple"},"acf":[],"yoast_head":"<!-- This site is optimized with the Yoast SEO plugin v24.5 - https:\/\/yoast.com\/wordpress\/plugins\/seo\/ -->\n<title>Intimate Hygiene Wipe CUSTOMIZED - Toallita Push Clean<\/title>\n<meta name=\"description\" content=\"\u2705 Toallitas Personalizadas HIGIENE \u00cdNTIMA en c\u00e1psula Push Clean. Realiza tu pedido hoy y recibelo en 24-48 horas. Somos as\u00ed de rapidos \ud83d\ude80\ud83d\ude80\ud83d\ude80\" \/>\n<meta name=\"robots\" content=\"index, follow, max-snippet:-1, max-image-preview:large, max-video-preview:-1\" \/>\n<link rel=\"canonical\" href=\"https:\/\/pushclean.es\/shop\/toallitas-personalizadas\/toallita-desmaquillante\/\" \/>\n<meta property=\"og:locale\" content=\"en_US\" \/>\n<meta property=\"og:type\" content=\"article\" \/>\n<meta property=\"og:title\" content=\"[:es]Toallitas PERSONALIZADAS - HIGIENE \u00cdNTIMA[:en]Intimate Hygiene Wipe CUSTOMIZED[:] - Toallita Push Clean\" \/>\n<meta property=\"og:description\" content=\"\u2705 Toallitas Personalizadas HIGIENE \u00cdNTIMA en c\u00e1psula Push Clean. Realiza tu pedido hoy y recibelo en 24-48 horas. Somos as\u00ed de rapidos \ud83d\ude80\ud83d\ude80\ud83d\ude80\" \/>\n<meta property=\"og:url\" content=\"https:\/\/pushclean.es\/shop\/toallitas-personalizadas\/toallita-desmaquillante\/\" \/>\n<meta property=\"og:site_name\" content=\"Toallita Push Clean\" \/>\n<meta property=\"article:modified_time\" content=\"2022-03-21T11:56:46+00:00\" \/>\n<meta property=\"og:image\" content=\"https:\/\/toallitapushclean.com\/wp-content\/uploads\/2020\/10\/Toallitas-Personalizadas-Higiene-Intima-en-capsula-Push-Clean.png\" \/>\n\t<meta property=\"og:image:width\" content=\"600\" \/>\n\t<meta property=\"og:image:height\" content=\"420\" \/>\n\t<meta property=\"og:image:type\" content=\"image\/png\" \/>\n<meta name=\"twitter:card\" content=\"summary_large_image\" \/>\n<meta name=\"twitter:label1\" content=\"Est. reading time\" \/>\n\t<meta name=\"twitter:data1\" content=\"1 minute\" \/>\n<script type=\"application\/ld+json\" class=\"yoast-schema-graph\">{\"@context\":\"https:\/\/schema.org\",\"@graph\":[{\"@type\":\"WebPage\",\"@id\":\"https:\/\/toallitapushclean.com\/shop\/toallitas-personalizadas\/toallitas-personalizadas-higiene-intima\/\",\"url\":\"https:\/\/pushclean.es\/shop\/toallitas-personalizadas\/toallita-desmaquillante\/\",\"name\":\"[:es]Toallitas PERSONALIZADAS - HIGIENE \u00cdNTIMA[:en]Intimate Hygiene Wipe CUSTOMIZED[:] - Toallita Push Clean\",\"isPartOf\":{\"@id\":\"https:\/\/toallitapushclean.com\/#website\"},\"primaryImageOfPage\":{\"@id\":\"https:\/\/pushclean.es\/shop\/toallitas-personalizadas\/toallita-desmaquillante\/#primaryimage\"},\"image\":{\"@id\":\"https:\/\/pushclean.es\/shop\/toallitas-personalizadas\/toallita-desmaquillante\/#primaryimage\"},\"thumbnailUrl\":\"https:\/\/toallitapushclean.com\/wp-content\/uploads\/2020\/10\/Toallitas-Personalizadas-Higiene-Intima-en-capsula-Push-Clean.png\",\"datePublished\":\"2020-10-24T09:59:53+00:00\",\"dateModified\":\"2022-03-21T11:56:46+00:00\",\"description\":\"\u2705 Toallitas Personalizadas HIGIENE \u00cdNTIMA en c\u00e1psula Push Clean. Realiza tu pedido hoy y recibelo en 24-48 horas. Somos as\u00ed de rapidos \ud83d\ude80\ud83d\ude80\ud83d\ude80\",\"breadcrumb\":{\"@id\":\"https:\/\/pushclean.es\/shop\/toallitas-personalizadas\/toallita-desmaquillante\/#breadcrumb\"},\"inLanguage\":\"en-US\",\"potentialAction\":[{\"@type\":\"ReadAction\",\"target\":[\"https:\/\/pushclean.es\/shop\/toallitas-personalizadas\/toallita-desmaquillante\/\"]}]},{\"@type\":\"ImageObject\",\"inLanguage\":\"en-US\",\"@id\":\"https:\/\/pushclean.es\/shop\/toallitas-personalizadas\/toallita-desmaquillante\/#primaryimage\",\"url\":\"https:\/\/toallitapushclean.com\/wp-content\/uploads\/2020\/10\/Toallitas-Personalizadas-Higiene-Intima-en-capsula-Push-Clean.png\",\"contentUrl\":\"https:\/\/toallitapushclean.com\/wp-content\/uploads\/2020\/10\/Toallitas-Personalizadas-Higiene-Intima-en-capsula-Push-Clean.png\",\"width\":600,\"height\":420},{\"@type\":\"BreadcrumbList\",\"@id\":\"https:\/\/pushclean.es\/shop\/toallitas-personalizadas\/toallita-desmaquillante\/#breadcrumb\",\"itemListElement\":[{\"@type\":\"ListItem\",\"position\":1,\"name\":\"Portada\",\"item\":\"https:\/\/toallitapushclean.com\/\"},{\"@type\":\"ListItem\",\"position\":2,\"name\":\"Tienda online\",\"item\":\"https:\/\/toallitapushclean.com\/shop\/\"},{\"@type\":\"ListItem\",\"position\":3,\"name\":\"Toallitas PERSONALIZADAS &#8211; HIGIENE \u00cdNTIMA\"}]},{\"@type\":\"WebSite\",\"@id\":\"https:\/\/toallitapushclean.com\/#website\",\"url\":\"https:\/\/toallitapushclean.com\/\",\"name\":\"Toallita Push Clean\",\"description\":\"Toallita Push Clean\",\"publisher\":{\"@id\":\"https:\/\/toallitapushclean.com\/#organization\"},\"potentialAction\":[{\"@type\":\"SearchAction\",\"target\":{\"@type\":\"EntryPoint\",\"urlTemplate\":\"https:\/\/toallitapushclean.com\/?s={search_term_string}\"},\"query-input\":{\"@type\":\"PropertyValueSpecification\",\"valueRequired\":true,\"valueName\":\"search_term_string\"}}],\"inLanguage\":\"en-US\"},{\"@type\":\"Organization\",\"@id\":\"https:\/\/toallitapushclean.com\/#organization\",\"name\":\"Push Clean Technology SL\",\"url\":\"https:\/\/toallitapushclean.com\/\",\"logo\":{\"@type\":\"ImageObject\",\"inLanguage\":\"en-US\",\"@id\":\"https:\/\/toallitapushclean.com\/#\/schema\/logo\/image\/\",\"url\":\"https:\/\/toallitapushclean.com\/wp-content\/uploads\/2019\/10\/pushclean-logo.png\",\"contentUrl\":\"https:\/\/toallitapushclean.com\/wp-content\/uploads\/2019\/10\/pushclean-logo.png\",\"width\":628,\"height\":134,\"caption\":\"Push Clean Technology SL\"},\"image\":{\"@id\":\"https:\/\/toallitapushclean.com\/#\/schema\/logo\/image\/\"}}]}<\/script>\n<!-- \/ Yoast SEO plugin. -->","yoast_head_json":{"title":"[:es]Toallitas PERSONALIZADAS - HIGIENE \u00cdNTIMA[:en]Intimate Hygiene Wipe CUSTOMIZED[:] - Toallita Push Clean","description":"\u2705 Toallitas Personalizadas HIGIENE \u00cdNTIMA en c\u00e1psula Push Clean. Realiza tu pedido hoy y recibelo en 24-48 horas. Somos as\u00ed de rapidos \ud83d\ude80\ud83d\ude80\ud83d\ude80","robots":{"index":"index","follow":"follow","max-snippet":"max-snippet:-1","max-image-preview":"max-image-preview:large","max-video-preview":"max-video-preview:-1"},"canonical":"https:\/\/pushclean.es\/shop\/toallitas-personalizadas\/toallita-desmaquillante\/","og_locale":"en_US","og_type":"article","og_title":"[:es]Toallitas PERSONALIZADAS - HIGIENE \u00cdNTIMA[:en]Intimate Hygiene Wipe CUSTOMIZED[:] - Toallita Push Clean","og_description":"\u2705 Toallitas Personalizadas HIGIENE \u00cdNTIMA en c\u00e1psula Push Clean. Realiza tu pedido hoy y recibelo en 24-48 horas. Somos as\u00ed de rapidos \ud83d\ude80\ud83d\ude80\ud83d\ude80","og_url":"https:\/\/pushclean.es\/shop\/toallitas-personalizadas\/toallita-desmaquillante\/","og_site_name":"Toallita Push Clean","article_modified_time":"2022-03-21T11:56:46+00:00","og_image":[{"width":600,"height":420,"url":"https:\/\/toallitapushclean.com\/wp-content\/uploads\/2020\/10\/Toallitas-Personalizadas-Higiene-Intima-en-capsula-Push-Clean.png","type":"image\/png"}],"twitter_card":"summary_large_image","twitter_misc":{"Est. reading time":"1 minute"},"schema":{"@context":"https:\/\/schema.org","@graph":[{"@type":"WebPage","@id":"https:\/\/toallitapushclean.com\/shop\/toallitas-personalizadas\/toallitas-personalizadas-higiene-intima\/","url":"https:\/\/pushclean.es\/shop\/toallitas-personalizadas\/toallita-desmaquillante\/","name":"[:es]Toallitas PERSONALIZADAS - HIGIENE \u00cdNTIMA[:en]Intimate Hygiene Wipe CUSTOMIZED[:] - Toallita Push Clean","isPartOf":{"@id":"https:\/\/toallitapushclean.com\/#website"},"primaryImageOfPage":{"@id":"https:\/\/pushclean.es\/shop\/toallitas-personalizadas\/toallita-desmaquillante\/#primaryimage"},"image":{"@id":"https:\/\/pushclean.es\/shop\/toallitas-personalizadas\/toallita-desmaquillante\/#primaryimage"},"thumbnailUrl":"https:\/\/toallitapushclean.com\/wp-content\/uploads\/2020\/10\/Toallitas-Personalizadas-Higiene-Intima-en-capsula-Push-Clean.png","datePublished":"2020-10-24T09:59:53+00:00","dateModified":"2022-03-21T11:56:46+00:00","description":"\u2705 Toallitas Personalizadas HIGIENE \u00cdNTIMA en c\u00e1psula Push Clean. Realiza tu pedido hoy y recibelo en 24-48 horas. Somos as\u00ed de rapidos \ud83d\ude80\ud83d\ude80\ud83d\ude80","breadcrumb":{"@id":"https:\/\/pushclean.es\/shop\/toallitas-personalizadas\/toallita-desmaquillante\/#breadcrumb"},"inLanguage":"en-US","potentialAction":[{"@type":"ReadAction","target":["https:\/\/pushclean.es\/shop\/toallitas-personalizadas\/toallita-desmaquillante\/"]}]},{"@type":"ImageObject","inLanguage":"en-US","@id":"https:\/\/pushclean.es\/shop\/toallitas-personalizadas\/toallita-desmaquillante\/#primaryimage","url":"https:\/\/toallitapushclean.com\/wp-content\/uploads\/2020\/10\/Toallitas-Personalizadas-Higiene-Intima-en-capsula-Push-Clean.png","contentUrl":"https:\/\/toallitapushclean.com\/wp-content\/uploads\/2020\/10\/Toallitas-Personalizadas-Higiene-Intima-en-capsula-Push-Clean.png","width":600,"height":420},{"@type":"BreadcrumbList","@id":"https:\/\/pushclean.es\/shop\/toallitas-personalizadas\/toallita-desmaquillante\/#breadcrumb","itemListElement":[{"@type":"ListItem","position":1,"name":"Portada","item":"https:\/\/toallitapushclean.com\/"},{"@type":"ListItem","position":2,"name":"Tienda online","item":"https:\/\/toallitapushclean.com\/shop\/"},{"@type":"ListItem","position":3,"name":"Toallitas PERSONALIZADAS &#8211; HIGIENE \u00cdNTIMA"}]},{"@type":"WebSite","@id":"https:\/\/toallitapushclean.com\/#website","url":"https:\/\/toallitapushclean.com\/","name":"Toallita Push Clean","description":"Toallita Push Clean","publisher":{"@id":"https:\/\/toallitapushclean.com\/#organization"},"potentialAction":[{"@type":"SearchAction","target":{"@type":"EntryPoint","urlTemplate":"https:\/\/toallitapushclean.com\/?s={search_term_string}"},"query-input":{"@type":"PropertyValueSpecification","valueRequired":true,"valueName":"search_term_string"}}],"inLanguage":"en-US"},{"@type":"Organization","@id":"https:\/\/toallitapushclean.com\/#organization","name":"Push Clean Technology SL","url":"https:\/\/toallitapushclean.com\/","logo":{"@type":"ImageObject","inLanguage":"en-US","@id":"https:\/\/toallitapushclean.com\/#\/schema\/logo\/image\/","url":"https:\/\/toallitapushclean.com\/wp-content\/uploads\/2019\/10\/pushclean-logo.png","contentUrl":"https:\/\/toallitapushclean.com\/wp-content\/uploads\/2019\/10\/pushclean-logo.png","width":628,"height":134,"caption":"Push Clean Technology SL"},"image":{"@id":"https:\/\/toallitapushclean.com\/#\/schema\/logo\/image\/"}}]}},"_links":{"self":[{"href":"https:\/\/toallitapushclean.com\/en\/wp-json\/wp\/v2\/product\/11578","targetHints":{"allow":["GET"]}}],"collection":[{"href":"https:\/\/toallitapushclean.com\/en\/wp-json\/wp\/v2\/product"}],"about":[{"href":"https:\/\/toallitapushclean.com\/en\/wp-json\/wp\/v2\/types\/product"}],"wp:featuredmedia":[{"embeddable":true,"href":"https:\/\/toallitapushclean.com\/en\/wp-json\/wp\/v2\/media\/11579"}],"wp:attachment":[{"href":"https:\/\/toallitapushclean.com\/en\/wp-json\/wp\/v2\/media?parent=11578"}],"wp:term":[{"taxonomy":"product_brand","embeddable":true,"href":"https:\/\/toallitapushclean.com\/en\/wp-json\/wp\/v2\/product_brand?post=11578"},{"taxonomy":"product_cat","embeddable":true,"href":"https:\/\/toallitapushclean.com\/en\/wp-json\/wp\/v2\/product_cat?post=11578"},{"taxonomy":"product_tag","embeddable":true,"href":"https:\/\/toallitapushclean.com\/en\/wp-json\/wp\/v2\/product_tag?post=11578"}],"curies":[{"name":"wp","href":"https:\/\/api.w.org\/{rel}","templated":true}]}}