{"id":3261,"date":"2019-10-20T10:50:32","date_gmt":"2019-10-20T08:50:32","guid":{"rendered":"https:\/\/pushclean.es\/?post_type=product&#038;p=3261"},"modified":"2024-10-21T11:04:07","modified_gmt":"2024-10-21T09:04:07","slug":"toallitas-olor-te-verde","status":"publish","type":"product","link":"https:\/\/toallitapushclean.com\/en\/shop\/toallitas-higienizantes\/toallitas-olor-te-verde\/","title":{"rendered":"Refreshing Towel &#8211; Green Tea Aroma"},"content":{"rendered":"<p>Refreshing wipes with green tea aroma.<\/p>\n<p>We help you strengthen your campaigns, launches, promotional or your own product with custom wipes.<\/p>\n<p>Custom wet wipes become a promotional item with high visual impact and excellent retention level. The above because they are useful and novel. In addition, they will be used during a special moment of your client or prospect. For more than 10 years in markets such as the United States and Europe, individual Wet Wipes have been developed to reinforce the communication and marketing strategies of multiple institutions and services. Achieving an experience with brands and with it excellent retention levels.<\/p>\n<ul>\n<li>Dermatologically tested<\/li>\n<li>100% natural wet wipe<\/li>\n<li>Made of viscose<\/li>\n<li>Neutral PH for your skin<\/li>\n<li>Store at room temperature.<\/li>\n<li>Store away from direct sunlight.<\/li>\n<\/ul>\n<p><\/p>","protected":false},"excerpt":{"rendered":"<p>Refreshing wipes with green tea aroma. We help you strengthen your campaigns, launches, promotional or your own product with custom wipes. Custom wet wipes become a promotional item with high visual impact and excellent retention level. The above because they are useful and novel. In addition, they will be used during a special moment of [&hellip;]<\/p>\n","protected":false},"featured_media":11555,"template":"","meta":[],"product_brand":[],"product_cat":[94],"product_tag":[],"class_list":{"0":"post-3261","1":"product","2":"type-product","3":"status-publish","4":"has-post-thumbnail","6":"product_cat-toallitas-higienizantes","8":"first","9":"instock","10":"taxable","11":"shipping-taxable","12":"purchasable","13":"product-type-simple"},"acf":[],"yoast_head":"<!-- This site is optimized with the Yoast SEO plugin v24.5 - https:\/\/yoast.com\/wordpress\/plugins\/seo\/ -->\n<title>Refreshing Towel - Green Tea Aroma - Toallita Push Clean<\/title>\n<meta name=\"description\" content=\"{:es}Toallitas refrescantes olor T\u00e9 Verde para limpieza de manos. A\u00f1ade mas valor a tu restaurante a trav\u00e9s de toallitas en c\u00e1psula Push Clean.{:}\" \/>\n<meta name=\"robots\" content=\"index, follow, max-snippet:-1, max-image-preview:large, max-video-preview:-1\" \/>\n<link rel=\"canonical\" href=\"https:\/\/toallitapushclean.com\/shop\/toallitas-higienizantes\/toallitas-olor-te-verde\/\" \/>\n<meta property=\"og:locale\" content=\"en_US\" \/>\n<meta property=\"og:type\" content=\"article\" \/>\n<meta property=\"og:title\" content=\"[:es]Toallita Refrescante Olor T\u00e9 Verde[:en]Refreshing Towel - Green Tea Aroma[:] - Toallita Push Clean\" \/>\n<meta property=\"og:description\" content=\"{:es}Toallitas refrescantes olor T\u00e9 Verde para limpieza de manos. A\u00f1ade mas valor a tu restaurante a trav\u00e9s de toallitas en c\u00e1psula Push Clean.{:}\" \/>\n<meta property=\"og:url\" content=\"https:\/\/toallitapushclean.com\/shop\/toallitas-higienizantes\/toallitas-olor-te-verde\/\" \/>\n<meta property=\"og:site_name\" content=\"Toallita Push Clean\" \/>\n<meta property=\"article:modified_time\" content=\"2024-10-21T09:04:07+00:00\" \/>\n<meta property=\"og:image\" content=\"https:\/\/toallitapushclean.com\/wp-content\/uploads\/2019\/10\/Toallita-Higienizante.png\" \/>\n\t<meta property=\"og:image:width\" content=\"600\" \/>\n\t<meta property=\"og:image:height\" content=\"420\" \/>\n\t<meta property=\"og:image:type\" content=\"image\/png\" \/>\n<meta name=\"twitter:card\" content=\"summary_large_image\" \/>\n<meta name=\"twitter:label1\" content=\"Est. reading time\" \/>\n\t<meta name=\"twitter:data1\" content=\"2 minutes\" \/>\n<script type=\"application\/ld+json\" class=\"yoast-schema-graph\">{\"@context\":\"https:\/\/schema.org\",\"@graph\":[{\"@type\":\"WebPage\",\"@id\":\"https:\/\/toallitapushclean.com\/shop\/toallitas-higienizantes\/toallitas-olor-te-verde\/\",\"url\":\"https:\/\/toallitapushclean.com\/shop\/toallitas-higienizantes\/toallitas-olor-te-verde\/\",\"name\":\"[:es]Toallita Refrescante Olor T\u00e9 Verde[:en]Refreshing Towel - Green Tea Aroma[:] - Toallita Push Clean\",\"isPartOf\":{\"@id\":\"https:\/\/toallitapushclean.com\/#website\"},\"primaryImageOfPage\":{\"@id\":\"https:\/\/toallitapushclean.com\/shop\/toallitas-higienizantes\/toallitas-olor-te-verde\/#primaryimage\"},\"image\":{\"@id\":\"https:\/\/toallitapushclean.com\/shop\/toallitas-higienizantes\/toallitas-olor-te-verde\/#primaryimage\"},\"thumbnailUrl\":\"https:\/\/toallitapushclean.com\/wp-content\/uploads\/2019\/10\/Toallita-Higienizante.png\",\"datePublished\":\"2019-10-20T08:50:32+00:00\",\"dateModified\":\"2024-10-21T09:04:07+00:00\",\"description\":\"{:es}Toallitas refrescantes olor T\u00e9 Verde para limpieza de manos. A\u00f1ade mas valor a tu restaurante a trav\u00e9s de toallitas en c\u00e1psula Push Clean.{:}\",\"breadcrumb\":{\"@id\":\"https:\/\/toallitapushclean.com\/shop\/toallitas-higienizantes\/toallitas-olor-te-verde\/#breadcrumb\"},\"inLanguage\":\"en-US\",\"potentialAction\":[{\"@type\":\"ReadAction\",\"target\":[\"https:\/\/toallitapushclean.com\/shop\/toallitas-higienizantes\/toallitas-olor-te-verde\/\"]}]},{\"@type\":\"ImageObject\",\"inLanguage\":\"en-US\",\"@id\":\"https:\/\/toallitapushclean.com\/shop\/toallitas-higienizantes\/toallitas-olor-te-verde\/#primaryimage\",\"url\":\"https:\/\/toallitapushclean.com\/wp-content\/uploads\/2019\/10\/Toallita-Higienizante.png\",\"contentUrl\":\"https:\/\/toallitapushclean.com\/wp-content\/uploads\/2019\/10\/Toallita-Higienizante.png\",\"width\":600,\"height\":420},{\"@type\":\"BreadcrumbList\",\"@id\":\"https:\/\/toallitapushclean.com\/shop\/toallitas-higienizantes\/toallitas-olor-te-verde\/#breadcrumb\",\"itemListElement\":[{\"@type\":\"ListItem\",\"position\":1,\"name\":\"Portada\",\"item\":\"https:\/\/toallitapushclean.com\/\"},{\"@type\":\"ListItem\",\"position\":2,\"name\":\"Tienda online\",\"item\":\"https:\/\/toallitapushclean.com\/shop\/\"},{\"@type\":\"ListItem\",\"position\":3,\"name\":\"Toallita Refrescante Olor T\u00e9 Verde\"}]},{\"@type\":\"WebSite\",\"@id\":\"https:\/\/toallitapushclean.com\/#website\",\"url\":\"https:\/\/toallitapushclean.com\/\",\"name\":\"Toallita Push Clean\",\"description\":\"Toallita Push Clean\",\"publisher\":{\"@id\":\"https:\/\/toallitapushclean.com\/#organization\"},\"potentialAction\":[{\"@type\":\"SearchAction\",\"target\":{\"@type\":\"EntryPoint\",\"urlTemplate\":\"https:\/\/toallitapushclean.com\/?s={search_term_string}\"},\"query-input\":{\"@type\":\"PropertyValueSpecification\",\"valueRequired\":true,\"valueName\":\"search_term_string\"}}],\"inLanguage\":\"en-US\"},{\"@type\":\"Organization\",\"@id\":\"https:\/\/toallitapushclean.com\/#organization\",\"name\":\"Push Clean Technology SL\",\"url\":\"https:\/\/toallitapushclean.com\/\",\"logo\":{\"@type\":\"ImageObject\",\"inLanguage\":\"en-US\",\"@id\":\"https:\/\/toallitapushclean.com\/#\/schema\/logo\/image\/\",\"url\":\"https:\/\/toallitapushclean.com\/wp-content\/uploads\/2019\/10\/pushclean-logo.png\",\"contentUrl\":\"https:\/\/toallitapushclean.com\/wp-content\/uploads\/2019\/10\/pushclean-logo.png\",\"width\":628,\"height\":134,\"caption\":\"Push Clean Technology SL\"},\"image\":{\"@id\":\"https:\/\/toallitapushclean.com\/#\/schema\/logo\/image\/\"}}]}<\/script>\n<!-- \/ Yoast SEO plugin. -->","yoast_head_json":{"title":"[:es]Toallita Refrescante Olor T\u00e9 Verde[:en]Refreshing Towel - Green Tea Aroma[:] - Toallita Push Clean","description":"{:es}Toallitas refrescantes olor T\u00e9 Verde para limpieza de manos. A\u00f1ade mas valor a tu restaurante a trav\u00e9s de toallitas en c\u00e1psula Push Clean.{:}","robots":{"index":"index","follow":"follow","max-snippet":"max-snippet:-1","max-image-preview":"max-image-preview:large","max-video-preview":"max-video-preview:-1"},"canonical":"https:\/\/toallitapushclean.com\/shop\/toallitas-higienizantes\/toallitas-olor-te-verde\/","og_locale":"en_US","og_type":"article","og_title":"[:es]Toallita Refrescante Olor T\u00e9 Verde[:en]Refreshing Towel - Green Tea Aroma[:] - Toallita Push Clean","og_description":"{:es}Toallitas refrescantes olor T\u00e9 Verde para limpieza de manos. A\u00f1ade mas valor a tu restaurante a trav\u00e9s de toallitas en c\u00e1psula Push Clean.{:}","og_url":"https:\/\/toallitapushclean.com\/shop\/toallitas-higienizantes\/toallitas-olor-te-verde\/","og_site_name":"Toallita Push Clean","article_modified_time":"2024-10-21T09:04:07+00:00","og_image":[{"width":600,"height":420,"url":"https:\/\/toallitapushclean.com\/wp-content\/uploads\/2019\/10\/Toallita-Higienizante.png","type":"image\/png"}],"twitter_card":"summary_large_image","twitter_misc":{"Est. reading time":"2 minutes"},"schema":{"@context":"https:\/\/schema.org","@graph":[{"@type":"WebPage","@id":"https:\/\/toallitapushclean.com\/shop\/toallitas-higienizantes\/toallitas-olor-te-verde\/","url":"https:\/\/toallitapushclean.com\/shop\/toallitas-higienizantes\/toallitas-olor-te-verde\/","name":"[:es]Toallita Refrescante Olor T\u00e9 Verde[:en]Refreshing Towel - Green Tea Aroma[:] - Toallita Push Clean","isPartOf":{"@id":"https:\/\/toallitapushclean.com\/#website"},"primaryImageOfPage":{"@id":"https:\/\/toallitapushclean.com\/shop\/toallitas-higienizantes\/toallitas-olor-te-verde\/#primaryimage"},"image":{"@id":"https:\/\/toallitapushclean.com\/shop\/toallitas-higienizantes\/toallitas-olor-te-verde\/#primaryimage"},"thumbnailUrl":"https:\/\/toallitapushclean.com\/wp-content\/uploads\/2019\/10\/Toallita-Higienizante.png","datePublished":"2019-10-20T08:50:32+00:00","dateModified":"2024-10-21T09:04:07+00:00","description":"{:es}Toallitas refrescantes olor T\u00e9 Verde para limpieza de manos. A\u00f1ade mas valor a tu restaurante a trav\u00e9s de toallitas en c\u00e1psula Push Clean.{:}","breadcrumb":{"@id":"https:\/\/toallitapushclean.com\/shop\/toallitas-higienizantes\/toallitas-olor-te-verde\/#breadcrumb"},"inLanguage":"en-US","potentialAction":[{"@type":"ReadAction","target":["https:\/\/toallitapushclean.com\/shop\/toallitas-higienizantes\/toallitas-olor-te-verde\/"]}]},{"@type":"ImageObject","inLanguage":"en-US","@id":"https:\/\/toallitapushclean.com\/shop\/toallitas-higienizantes\/toallitas-olor-te-verde\/#primaryimage","url":"https:\/\/toallitapushclean.com\/wp-content\/uploads\/2019\/10\/Toallita-Higienizante.png","contentUrl":"https:\/\/toallitapushclean.com\/wp-content\/uploads\/2019\/10\/Toallita-Higienizante.png","width":600,"height":420},{"@type":"BreadcrumbList","@id":"https:\/\/toallitapushclean.com\/shop\/toallitas-higienizantes\/toallitas-olor-te-verde\/#breadcrumb","itemListElement":[{"@type":"ListItem","position":1,"name":"Portada","item":"https:\/\/toallitapushclean.com\/"},{"@type":"ListItem","position":2,"name":"Tienda online","item":"https:\/\/toallitapushclean.com\/shop\/"},{"@type":"ListItem","position":3,"name":"Toallita Refrescante Olor T\u00e9 Verde"}]},{"@type":"WebSite","@id":"https:\/\/toallitapushclean.com\/#website","url":"https:\/\/toallitapushclean.com\/","name":"Toallita Push Clean","description":"Toallita Push Clean","publisher":{"@id":"https:\/\/toallitapushclean.com\/#organization"},"potentialAction":[{"@type":"SearchAction","target":{"@type":"EntryPoint","urlTemplate":"https:\/\/toallitapushclean.com\/?s={search_term_string}"},"query-input":{"@type":"PropertyValueSpecification","valueRequired":true,"valueName":"search_term_string"}}],"inLanguage":"en-US"},{"@type":"Organization","@id":"https:\/\/toallitapushclean.com\/#organization","name":"Push Clean Technology SL","url":"https:\/\/toallitapushclean.com\/","logo":{"@type":"ImageObject","inLanguage":"en-US","@id":"https:\/\/toallitapushclean.com\/#\/schema\/logo\/image\/","url":"https:\/\/toallitapushclean.com\/wp-content\/uploads\/2019\/10\/pushclean-logo.png","contentUrl":"https:\/\/toallitapushclean.com\/wp-content\/uploads\/2019\/10\/pushclean-logo.png","width":628,"height":134,"caption":"Push Clean Technology SL"},"image":{"@id":"https:\/\/toallitapushclean.com\/#\/schema\/logo\/image\/"}}]}},"_links":{"self":[{"href":"https:\/\/toallitapushclean.com\/en\/wp-json\/wp\/v2\/product\/3261","targetHints":{"allow":["GET"]}}],"collection":[{"href":"https:\/\/toallitapushclean.com\/en\/wp-json\/wp\/v2\/product"}],"about":[{"href":"https:\/\/toallitapushclean.com\/en\/wp-json\/wp\/v2\/types\/product"}],"wp:featuredmedia":[{"embeddable":true,"href":"https:\/\/toallitapushclean.com\/en\/wp-json\/wp\/v2\/media\/11555"}],"wp:attachment":[{"href":"https:\/\/toallitapushclean.com\/en\/wp-json\/wp\/v2\/media?parent=3261"}],"wp:term":[{"taxonomy":"product_brand","embeddable":true,"href":"https:\/\/toallitapushclean.com\/en\/wp-json\/wp\/v2\/product_brand?post=3261"},{"taxonomy":"product_cat","embeddable":true,"href":"https:\/\/toallitapushclean.com\/en\/wp-json\/wp\/v2\/product_cat?post=3261"},{"taxonomy":"product_tag","embeddable":true,"href":"https:\/\/toallitapushclean.com\/en\/wp-json\/wp\/v2\/product_tag?post=3261"}],"curies":[{"name":"wp","href":"https:\/\/api.w.org\/{rel}","templated":true}]}}