{"id":4062,"date":"2019-11-09T12:17:27","date_gmt":"2019-11-09T11:17:27","guid":{"rendered":"https:\/\/pushclean.es\/?post_type=product&#038;p=4062"},"modified":"2024-05-27T10:18:44","modified_gmt":"2024-05-27T08:18:44","slug":"toallita-refrescante-limon-personalizada","status":"publish","type":"product","link":"https:\/\/toallitapushclean.com\/en\/shop\/toallitas-personalizadas\/toallita-refrescante-limon-personalizada\/","title":{"rendered":"Toallita Refrescante Lim\u00f3n CUSTOMIZED"},"content":{"rendered":"<p>Toallitas refrescante aroma lim\u00f3n, adecuadas para refrescarse las manos despu\u00e9s de las comidas.<\/p>\n<ul>\n<li>Dermatologically tested<\/li>\n<li>100% natural wet wipe<\/li>\n<li>Made of viscose<\/li>\n<li>Neutral PH for your skin<\/li>\n<li>Store at room temperature.<\/li>\n<li>Store away from direct sunlight.<\/li>\n<\/ul>\n<p><\/p>","protected":false},"excerpt":{"rendered":"<p>Toallitas refrescante aroma lim\u00f3n, adecuadas para refrescarse las manos despu\u00e9s de las comidas. Dermatologically tested 100% natural wet wipe Made of viscose Neutral PH for your skin Store at room temperature. Store away from direct sunlight.<\/p>\n","protected":false},"featured_media":11464,"template":"","meta":[],"product_brand":[],"product_cat":[95],"product_tag":[],"class_list":{"0":"post-4062","1":"product","2":"type-product","3":"status-publish","4":"has-post-thumbnail","6":"product_cat-toallitas-personalizadas","8":"first","9":"instock","10":"taxable","11":"shipping-taxable","12":"purchasable","13":"product-type-simple"},"acf":[],"yoast_head":"<!-- This site is optimized with the Yoast SEO plugin v24.5 - https:\/\/yoast.com\/wordpress\/plugins\/seo\/ -->\n<title>Toallita Refrescante Lim\u00f3n CUSTOMIZED<\/title>\n<meta name=\"description\" content=\"{:es}Toallitas Personalizadas en c\u00e1psula Push Clean. Descubre nuestro sistema innovador de toallitas comprimidas en c\u00e1psula.Entrega en 24-48 horas.{:}\" \/>\n<meta name=\"robots\" content=\"index, follow, max-snippet:-1, max-image-preview:large, max-video-preview:-1\" \/>\n<link rel=\"canonical\" href=\"https:\/\/pushclean.es\/shop\/toallitas-refrescantes\/toallita-refrescante-limon\/\" \/>\n<meta property=\"og:locale\" content=\"en_US\" \/>\n<meta property=\"og:type\" content=\"article\" \/>\n<meta property=\"og:title\" content=\"[:es][:es]Toallitas PERSONALIZADAS en c\u00e1psula - Higienizante Olor LIM\u00d3N[:en]Toallita Refrescante Lim\u00f3n CUSTOMIZED[:] [:]\" \/>\n<meta property=\"og:description\" content=\"{:es}Toallitas Personalizadas en c\u00e1psula Push Clean. Descubre nuestro sistema innovador de toallitas comprimidas en c\u00e1psula.Entrega en 24-48 horas.{:}\" \/>\n<meta property=\"og:url\" content=\"https:\/\/pushclean.es\/shop\/toallitas-refrescantes\/toallita-refrescante-limon\/\" \/>\n<meta property=\"og:site_name\" content=\"Toallita Push Clean\" \/>\n<meta property=\"article:modified_time\" content=\"2024-05-27T08:18:44+00:00\" \/>\n<meta property=\"og:image\" content=\"https:\/\/toallitapushclean.com\/wp-content\/uploads\/2019\/11\/Toallita-en-capsula-limon-1.png\" \/>\n\t<meta property=\"og:image:width\" content=\"600\" \/>\n\t<meta property=\"og:image:height\" content=\"420\" \/>\n\t<meta property=\"og:image:type\" content=\"image\/png\" \/>\n<meta name=\"twitter:card\" content=\"summary_large_image\" \/>\n<meta name=\"twitter:label1\" content=\"Est. reading time\" \/>\n\t<meta name=\"twitter:data1\" content=\"2 minutes\" \/>\n<script type=\"application\/ld+json\" class=\"yoast-schema-graph\">{\"@context\":\"https:\/\/schema.org\",\"@graph\":[{\"@type\":\"WebPage\",\"@id\":\"https:\/\/toallitapushclean.com\/shop\/toallitas-personalizadas\/toallita-refrescante-limon-personalizada\/\",\"url\":\"https:\/\/pushclean.es\/shop\/toallitas-refrescantes\/toallita-refrescante-limon\/\",\"name\":\"[:es][:es]Toallitas PERSONALIZADAS en c\u00e1psula - Higienizante Olor LIM\u00d3N[:en]Toallita Refrescante Lim\u00f3n CUSTOMIZED[:] [:]\",\"isPartOf\":{\"@id\":\"https:\/\/toallitapushclean.com\/#website\"},\"primaryImageOfPage\":{\"@id\":\"https:\/\/pushclean.es\/shop\/toallitas-refrescantes\/toallita-refrescante-limon\/#primaryimage\"},\"image\":{\"@id\":\"https:\/\/pushclean.es\/shop\/toallitas-refrescantes\/toallita-refrescante-limon\/#primaryimage\"},\"thumbnailUrl\":\"https:\/\/toallitapushclean.com\/wp-content\/uploads\/2019\/11\/Toallita-en-capsula-limon-1.png\",\"datePublished\":\"2019-11-09T11:17:27+00:00\",\"dateModified\":\"2024-05-27T08:18:44+00:00\",\"description\":\"{:es}Toallitas Personalizadas en c\u00e1psula Push Clean. Descubre nuestro sistema innovador de toallitas comprimidas en c\u00e1psula.Entrega en 24-48 horas.{:}\",\"breadcrumb\":{\"@id\":\"https:\/\/pushclean.es\/shop\/toallitas-refrescantes\/toallita-refrescante-limon\/#breadcrumb\"},\"inLanguage\":\"en-US\",\"potentialAction\":[{\"@type\":\"ReadAction\",\"target\":[\"https:\/\/pushclean.es\/shop\/toallitas-refrescantes\/toallita-refrescante-limon\/\"]}]},{\"@type\":\"ImageObject\",\"inLanguage\":\"en-US\",\"@id\":\"https:\/\/pushclean.es\/shop\/toallitas-refrescantes\/toallita-refrescante-limon\/#primaryimage\",\"url\":\"https:\/\/toallitapushclean.com\/wp-content\/uploads\/2019\/11\/Toallita-en-capsula-limon-1.png\",\"contentUrl\":\"https:\/\/toallitapushclean.com\/wp-content\/uploads\/2019\/11\/Toallita-en-capsula-limon-1.png\",\"width\":600,\"height\":420},{\"@type\":\"BreadcrumbList\",\"@id\":\"https:\/\/pushclean.es\/shop\/toallitas-refrescantes\/toallita-refrescante-limon\/#breadcrumb\",\"itemListElement\":[{\"@type\":\"ListItem\",\"position\":1,\"name\":\"Portada\",\"item\":\"https:\/\/toallitapushclean.com\/\"},{\"@type\":\"ListItem\",\"position\":2,\"name\":\"Tienda online\",\"item\":\"https:\/\/toallitapushclean.com\/shop\/\"},{\"@type\":\"ListItem\",\"position\":3,\"name\":\"Toallitas PERSONALIZADAS en c\u00e1psula &#8211; Higienizante Olor LIM\u00d3N\"}]},{\"@type\":\"WebSite\",\"@id\":\"https:\/\/toallitapushclean.com\/#website\",\"url\":\"https:\/\/toallitapushclean.com\/\",\"name\":\"Toallita Push Clean\",\"description\":\"Toallita Push Clean\",\"publisher\":{\"@id\":\"https:\/\/toallitapushclean.com\/#organization\"},\"potentialAction\":[{\"@type\":\"SearchAction\",\"target\":{\"@type\":\"EntryPoint\",\"urlTemplate\":\"https:\/\/toallitapushclean.com\/?s={search_term_string}\"},\"query-input\":{\"@type\":\"PropertyValueSpecification\",\"valueRequired\":true,\"valueName\":\"search_term_string\"}}],\"inLanguage\":\"en-US\"},{\"@type\":\"Organization\",\"@id\":\"https:\/\/toallitapushclean.com\/#organization\",\"name\":\"Push Clean Technology SL\",\"url\":\"https:\/\/toallitapushclean.com\/\",\"logo\":{\"@type\":\"ImageObject\",\"inLanguage\":\"en-US\",\"@id\":\"https:\/\/toallitapushclean.com\/#\/schema\/logo\/image\/\",\"url\":\"https:\/\/toallitapushclean.com\/wp-content\/uploads\/2019\/10\/pushclean-logo.png\",\"contentUrl\":\"https:\/\/toallitapushclean.com\/wp-content\/uploads\/2019\/10\/pushclean-logo.png\",\"width\":628,\"height\":134,\"caption\":\"Push Clean Technology SL\"},\"image\":{\"@id\":\"https:\/\/toallitapushclean.com\/#\/schema\/logo\/image\/\"}}]}<\/script>\n<!-- \/ Yoast SEO plugin. -->","yoast_head_json":{"title":"[:es][:es]Toallitas PERSONALIZADAS en c\u00e1psula - Higienizante Olor LIM\u00d3N[:en]Toallita Refrescante Lim\u00f3n CUSTOMIZED[:] [:]","description":"{:es}Toallitas Personalizadas en c\u00e1psula Push Clean. Descubre nuestro sistema innovador de toallitas comprimidas en c\u00e1psula.Entrega en 24-48 horas.{:}","robots":{"index":"index","follow":"follow","max-snippet":"max-snippet:-1","max-image-preview":"max-image-preview:large","max-video-preview":"max-video-preview:-1"},"canonical":"https:\/\/pushclean.es\/shop\/toallitas-refrescantes\/toallita-refrescante-limon\/","og_locale":"en_US","og_type":"article","og_title":"[:es][:es]Toallitas PERSONALIZADAS en c\u00e1psula - Higienizante Olor LIM\u00d3N[:en]Toallita Refrescante Lim\u00f3n CUSTOMIZED[:] [:]","og_description":"{:es}Toallitas Personalizadas en c\u00e1psula Push Clean. Descubre nuestro sistema innovador de toallitas comprimidas en c\u00e1psula.Entrega en 24-48 horas.{:}","og_url":"https:\/\/pushclean.es\/shop\/toallitas-refrescantes\/toallita-refrescante-limon\/","og_site_name":"Toallita Push Clean","article_modified_time":"2024-05-27T08:18:44+00:00","og_image":[{"width":600,"height":420,"url":"https:\/\/toallitapushclean.com\/wp-content\/uploads\/2019\/11\/Toallita-en-capsula-limon-1.png","type":"image\/png"}],"twitter_card":"summary_large_image","twitter_misc":{"Est. reading time":"2 minutes"},"schema":{"@context":"https:\/\/schema.org","@graph":[{"@type":"WebPage","@id":"https:\/\/toallitapushclean.com\/shop\/toallitas-personalizadas\/toallita-refrescante-limon-personalizada\/","url":"https:\/\/pushclean.es\/shop\/toallitas-refrescantes\/toallita-refrescante-limon\/","name":"[:es][:es]Toallitas PERSONALIZADAS en c\u00e1psula - Higienizante Olor LIM\u00d3N[:en]Toallita Refrescante Lim\u00f3n CUSTOMIZED[:] [:]","isPartOf":{"@id":"https:\/\/toallitapushclean.com\/#website"},"primaryImageOfPage":{"@id":"https:\/\/pushclean.es\/shop\/toallitas-refrescantes\/toallita-refrescante-limon\/#primaryimage"},"image":{"@id":"https:\/\/pushclean.es\/shop\/toallitas-refrescantes\/toallita-refrescante-limon\/#primaryimage"},"thumbnailUrl":"https:\/\/toallitapushclean.com\/wp-content\/uploads\/2019\/11\/Toallita-en-capsula-limon-1.png","datePublished":"2019-11-09T11:17:27+00:00","dateModified":"2024-05-27T08:18:44+00:00","description":"{:es}Toallitas Personalizadas en c\u00e1psula Push Clean. Descubre nuestro sistema innovador de toallitas comprimidas en c\u00e1psula.Entrega en 24-48 horas.{:}","breadcrumb":{"@id":"https:\/\/pushclean.es\/shop\/toallitas-refrescantes\/toallita-refrescante-limon\/#breadcrumb"},"inLanguage":"en-US","potentialAction":[{"@type":"ReadAction","target":["https:\/\/pushclean.es\/shop\/toallitas-refrescantes\/toallita-refrescante-limon\/"]}]},{"@type":"ImageObject","inLanguage":"en-US","@id":"https:\/\/pushclean.es\/shop\/toallitas-refrescantes\/toallita-refrescante-limon\/#primaryimage","url":"https:\/\/toallitapushclean.com\/wp-content\/uploads\/2019\/11\/Toallita-en-capsula-limon-1.png","contentUrl":"https:\/\/toallitapushclean.com\/wp-content\/uploads\/2019\/11\/Toallita-en-capsula-limon-1.png","width":600,"height":420},{"@type":"BreadcrumbList","@id":"https:\/\/pushclean.es\/shop\/toallitas-refrescantes\/toallita-refrescante-limon\/#breadcrumb","itemListElement":[{"@type":"ListItem","position":1,"name":"Portada","item":"https:\/\/toallitapushclean.com\/"},{"@type":"ListItem","position":2,"name":"Tienda online","item":"https:\/\/toallitapushclean.com\/shop\/"},{"@type":"ListItem","position":3,"name":"Toallitas PERSONALIZADAS en c\u00e1psula &#8211; Higienizante Olor LIM\u00d3N"}]},{"@type":"WebSite","@id":"https:\/\/toallitapushclean.com\/#website","url":"https:\/\/toallitapushclean.com\/","name":"Toallita Push Clean","description":"Toallita Push Clean","publisher":{"@id":"https:\/\/toallitapushclean.com\/#organization"},"potentialAction":[{"@type":"SearchAction","target":{"@type":"EntryPoint","urlTemplate":"https:\/\/toallitapushclean.com\/?s={search_term_string}"},"query-input":{"@type":"PropertyValueSpecification","valueRequired":true,"valueName":"search_term_string"}}],"inLanguage":"en-US"},{"@type":"Organization","@id":"https:\/\/toallitapushclean.com\/#organization","name":"Push Clean Technology SL","url":"https:\/\/toallitapushclean.com\/","logo":{"@type":"ImageObject","inLanguage":"en-US","@id":"https:\/\/toallitapushclean.com\/#\/schema\/logo\/image\/","url":"https:\/\/toallitapushclean.com\/wp-content\/uploads\/2019\/10\/pushclean-logo.png","contentUrl":"https:\/\/toallitapushclean.com\/wp-content\/uploads\/2019\/10\/pushclean-logo.png","width":628,"height":134,"caption":"Push Clean Technology SL"},"image":{"@id":"https:\/\/toallitapushclean.com\/#\/schema\/logo\/image\/"}}]}},"_links":{"self":[{"href":"https:\/\/toallitapushclean.com\/en\/wp-json\/wp\/v2\/product\/4062","targetHints":{"allow":["GET"]}}],"collection":[{"href":"https:\/\/toallitapushclean.com\/en\/wp-json\/wp\/v2\/product"}],"about":[{"href":"https:\/\/toallitapushclean.com\/en\/wp-json\/wp\/v2\/types\/product"}],"wp:featuredmedia":[{"embeddable":true,"href":"https:\/\/toallitapushclean.com\/en\/wp-json\/wp\/v2\/media\/11464"}],"wp:attachment":[{"href":"https:\/\/toallitapushclean.com\/en\/wp-json\/wp\/v2\/media?parent=4062"}],"wp:term":[{"taxonomy":"product_brand","embeddable":true,"href":"https:\/\/toallitapushclean.com\/en\/wp-json\/wp\/v2\/product_brand?post=4062"},{"taxonomy":"product_cat","embeddable":true,"href":"https:\/\/toallitapushclean.com\/en\/wp-json\/wp\/v2\/product_cat?post=4062"},{"taxonomy":"product_tag","embeddable":true,"href":"https:\/\/toallitapushclean.com\/en\/wp-json\/wp\/v2\/product_tag?post=4062"}],"curies":[{"name":"wp","href":"https:\/\/api.w.org\/{rel}","templated":true}]}}